
{"id":20,"date":"2022-12-27T18:37:10","date_gmt":"2022-12-27T18:37:10","guid":{"rendered":"http:\/\/enigma-bydgoszcz.pl\/?page_id=20"},"modified":"2022-12-28T18:22:01","modified_gmt":"2022-12-28T18:22:01","slug":"home","status":"publish","type":"page","link":"http:\/\/enigma-bydgoszcz.pl\/","title":{"rendered":"Home"},"content":{"rendered":"\t\t<div data-elementor-type=\"wp-page\" data-elementor-id=\"20\" class=\"elementor elementor-20\" data-elementor-settings=\"[]\">\n\t\t\t\t\t\t\t<div class=\"elementor-section-wrap\">\n\t\t\t\t\t\t\t<section class=\"elementor-section elementor-top-section elementor-element elementor-element-46f05d6 elementor-section-boxed elementor-section-height-default elementor-section-height-default\" data-id=\"46f05d6\" data-element_type=\"section\" data-settings=\"{&quot;background_background&quot;:&quot;classic&quot;}\">\n\t\t\t\t\t\t\t<div class=\"elementor-background-overlay\"><\/div>\n\t\t\t\t\t\t\t<div class=\"elementor-container elementor-column-gap-no\">\n\t\t\t\t\t<div class=\"elementor-column elementor-col-100 elementor-top-column elementor-element elementor-element-2a1971e1\" data-id=\"2a1971e1\" data-element_type=\"column\">\n\t\t\t<div class=\"elementor-widget-wrap elementor-element-populated\">\n\t\t\t\t\t\t\t\t<div class=\"elementor-element elementor-element-835c828 elementor-widget elementor-widget-spacer\" data-id=\"835c828\" data-element_type=\"widget\" data-widget_type=\"spacer.default\">\n\t\t\t\t<div class=\"elementor-widget-container\">\n\t\t\t\t\t<div class=\"elementor-spacer\">\n\t\t\t<div class=\"elementor-spacer-inner\"><\/div>\n\t\t<\/div>\n\t\t\t\t<\/div>\n\t\t\t\t<\/div>\n\t\t\t\t<section class=\"elementor-section elementor-inner-section elementor-element elementor-element-29440137 elementor-section-full_width elementor-section-height-default elementor-section-height-default\" data-id=\"29440137\" data-element_type=\"section\">\n\t\t\t\t\t\t<div class=\"elementor-container elementor-column-gap-no\">\n\t\t\t\t\t<div class=\"elementor-column elementor-col-50 elementor-inner-column elementor-element elementor-element-557fa56\" data-id=\"557fa56\" data-element_type=\"column\">\n\t\t\t<div class=\"elementor-widget-wrap elementor-element-populated\">\n\t\t\t\t\t\t\t\t<div class=\"elementor-element elementor-element-c02485f elementor-widget elementor-widget-spacer\" data-id=\"c02485f\" data-element_type=\"widget\" data-widget_type=\"spacer.default\">\n\t\t\t\t<div class=\"elementor-widget-container\">\n\t\t\t\t\t<div class=\"elementor-spacer\">\n\t\t\t<div class=\"elementor-spacer-inner\"><\/div>\n\t\t<\/div>\n\t\t\t\t<\/div>\n\t\t\t\t<\/div>\n\t\t\t\t<div class=\"elementor-element elementor-element-377b9f99 elementor-widget elementor-widget-heading\" data-id=\"377b9f99\" data-element_type=\"widget\" data-widget_type=\"heading.default\">\n\t\t\t\t<div class=\"elementor-widget-container\">\n\t\t\t<h3 class=\"elementor-heading-title elementor-size-default\">Enigma Bydgoszcz<\/h3>\t\t<\/div>\n\t\t\t\t<\/div>\n\t\t\t\t<div class=\"elementor-element elementor-element-2c38ccbf elementor-widget elementor-widget-text-editor\" data-id=\"2c38ccbf\" data-element_type=\"widget\" data-widget_type=\"text-editor.default\">\n\t\t\t\t<div class=\"elementor-widget-container\">\n\t\t\t\t\t\t\t<p>Firma istnieje na bydgoskim rynku od kilkunastu lat. Nasz\u0105 dewiz\u0105 jest ci\u0105g\u0142y rozw\u00f3j firmy wraz z rozwojem najnowszych technologii daj\u0105c Klientowi pe\u0142n\u0105 satysfakcj\u0119 z wykonanej us\u0142ugi.<\/p><p>ENIGMA PROFESSIONAL ENGINE zajmuje si\u0119 min przezwajaniem, przewijaniem, przegl\u0105dem i konserwacj\u0105 silnik\u00f3w elektrycznych pr\u0105du sta\u0142ego i przemiennego.<\/p><p>Zajmujemy si\u0119 r\u00f3wnie\u017c napraw\u0105 pr\u0105dnic od agregat\u00f3w pr\u0105dotw\u00f3rczych. <span style=\"color: #ff0000;\"><a style=\"color: #ff0000;\" href=\"https:\/\/serwispradnic.pl\/\">&#8211;&gt; czytaj wi\u0119cej &lt;&#8211;<\/a><\/span><\/p><p>Liczymy, \u017ce wykonana przez nas us\u0142uga b\u0119dzie cieszy\u0107 si\u0119 Pa\u0144stwa uznaniem. Chcieliby\u015bmy zapewni\u0107, \u017ce wk\u0142adamy bardzo wiele pracy by nasi Klienci byli zadowoleni.<\/p><p>JESTE\u015aMY FIRM\u0104 RODZINN\u0104 I NASZA MARKA CIESZY SI\u0118 DU\u017bYM ZAUFANIEM<\/p>\t\t\t\t\t\t<\/div>\n\t\t\t\t<\/div>\n\t\t\t\t\t<\/div>\n\t\t<\/div>\n\t\t\t\t<div class=\"elementor-column elementor-col-50 elementor-inner-column elementor-element elementor-element-596db7d8\" data-id=\"596db7d8\" data-element_type=\"column\">\n\t\t\t<div class=\"elementor-widget-wrap\">\n\t\t\t\t\t\t\t\t\t<\/div>\n\t\t<\/div>\n\t\t\t\t\t\t\t<\/div>\n\t\t<\/section>\n\t\t\t\t\t<\/div>\n\t\t<\/div>\n\t\t\t\t\t\t\t<\/div>\n\t\t<\/section>\n\t\t\t\t\t\t<\/div>\n\t\t\t\t\t<\/div>\n\t\t","protected":false},"excerpt":{"rendered":"<p>Enigma Bydgoszcz Firma istnieje na bydgoskim rynku od kilkunastu lat. Nasz\u0105 dewiz\u0105 jest ci\u0105g\u0142y rozw\u00f3j firmy wraz z rozwojem najnowszych technologii daj\u0105c Klientowi pe\u0142n\u0105 satysfakcj\u0119 z wykonanej us\u0142ugi. ENIGMA PROFESSIONAL ENGINE zajmuje si\u0119 min przezwajaniem, przewijaniem, przegl\u0105dem i konserwacj\u0105 silnik\u00f3w elektrycznych pr\u0105du sta\u0142ego i przemiennego. Zajmujemy si\u0119 r\u00f3wnie\u017c napraw\u0105 pr\u0105dnic od agregat\u00f3w pr\u0105dotw\u00f3rczych. &#8211;&gt; czytaj [&hellip;]<\/p>\n","protected":false},"author":1,"featured_media":0,"parent":0,"menu_order":0,"comment_status":"closed","ping_status":"closed","template":"","meta":[],"yoast_head":"<!-- This site is optimized with the Yoast SEO plugin v19.13 - https:\/\/yoast.com\/wordpress\/plugins\/seo\/ -->\n<title>Enigma Bydgoszcz<\/title>\n<meta name=\"description\" content=\"Przezwajanie, przewijanie, przegl\u0105dy silnik\u00f3w elektrycznych pr\u0105du sta\u0142ego i przemiennego. Naprawa pr\u0105dnic od agregat\u00f3w pr\u0105dotw\u00f3rczych.\" \/>\n<meta name=\"robots\" content=\"index, follow, max-snippet:-1, max-image-preview:large, max-video-preview:-1\" \/>\n<link rel=\"canonical\" href=\"http:\/\/enigma-bydgoszcz.pl\/\" \/>\n<meta property=\"og:locale\" content=\"pl_PL\" \/>\n<meta property=\"og:type\" content=\"article\" \/>\n<meta property=\"og:title\" content=\"Enigma Bydgoszcz\" \/>\n<meta property=\"og:description\" content=\"Przezwajanie, przewijanie, przegl\u0105dy silnik\u00f3w elektrycznych pr\u0105du sta\u0142ego i przemiennego. Naprawa pr\u0105dnic od agregat\u00f3w pr\u0105dotw\u00f3rczych.\" \/>\n<meta property=\"og:url\" content=\"http:\/\/enigma-bydgoszcz.pl\/\" \/>\n<meta property=\"og:site_name\" content=\"Enigma Bydgoszcz\" \/>\n<meta property=\"article:modified_time\" content=\"2022-12-28T18:22:01+00:00\" \/>\n<meta property=\"og:image\" content=\"http:\/\/enigma-bydgoszcz.pl\/wp-content\/uploads\/2022\/12\/cropped-Enigma-3.jpg\" \/>\n\t<meta property=\"og:image:width\" content=\"674\" \/>\n\t<meta property=\"og:image:height\" content=\"177\" \/>\n\t<meta property=\"og:image:type\" content=\"image\/jpeg\" \/>\n<meta name=\"twitter:card\" content=\"summary_large_image\" \/>\n<meta name=\"twitter:image\" content=\"http:\/\/enigma-bydgoszcz.pl\/wp-content\/uploads\/2022\/12\/cropped-Enigma-3.jpg\" \/>\n<meta name=\"twitter:label1\" content=\"Szacowany czas czytania\" \/>\n\t<meta name=\"twitter:data1\" content=\"1 minuta\" \/>\n<script type=\"application\/ld+json\" class=\"yoast-schema-graph\">{\"@context\":\"https:\/\/schema.org\",\"@graph\":[{\"@type\":\"WebPage\",\"@id\":\"http:\/\/enigma-bydgoszcz.pl\/\",\"url\":\"http:\/\/enigma-bydgoszcz.pl\/\",\"name\":\"Enigma Bydgoszcz\",\"isPartOf\":{\"@id\":\"http:\/\/enigma-bydgoszcz.pl\/#website\"},\"datePublished\":\"2022-12-27T18:37:10+00:00\",\"dateModified\":\"2022-12-28T18:22:01+00:00\",\"description\":\"Przezwajanie, przewijanie, przegl\u0105dy silnik\u00f3w elektrycznych pr\u0105du sta\u0142ego i przemiennego. Naprawa pr\u0105dnic od agregat\u00f3w pr\u0105dotw\u00f3rczych.\",\"breadcrumb\":{\"@id\":\"http:\/\/enigma-bydgoszcz.pl\/#breadcrumb\"},\"inLanguage\":\"pl-PL\",\"potentialAction\":[{\"@type\":\"ReadAction\",\"target\":[\"http:\/\/enigma-bydgoszcz.pl\/\"]}]},{\"@type\":\"BreadcrumbList\",\"@id\":\"http:\/\/enigma-bydgoszcz.pl\/#breadcrumb\",\"itemListElement\":[{\"@type\":\"ListItem\",\"position\":1,\"name\":\"Strona g\u0142\u00f3wna\",\"item\":\"http:\/\/enigma-bydgoszcz.pl\/\"},{\"@type\":\"ListItem\",\"position\":2,\"name\":\"Home\"}]},{\"@type\":\"WebSite\",\"@id\":\"http:\/\/enigma-bydgoszcz.pl\/#website\",\"url\":\"http:\/\/enigma-bydgoszcz.pl\/\",\"name\":\"Enigma Bydgoszcz\",\"description\":\"Serwis silnik&oacute;w elektrycznych\",\"publisher\":{\"@id\":\"http:\/\/enigma-bydgoszcz.pl\/#organization\"},\"potentialAction\":[{\"@type\":\"SearchAction\",\"target\":{\"@type\":\"EntryPoint\",\"urlTemplate\":\"http:\/\/enigma-bydgoszcz.pl\/?s={search_term_string}\"},\"query-input\":\"required name=search_term_string\"}],\"inLanguage\":\"pl-PL\"},{\"@type\":\"Organization\",\"@id\":\"http:\/\/enigma-bydgoszcz.pl\/#organization\",\"name\":\"Enigma Bydgoszcz\",\"url\":\"http:\/\/enigma-bydgoszcz.pl\/\",\"logo\":{\"@type\":\"ImageObject\",\"inLanguage\":\"pl-PL\",\"@id\":\"http:\/\/enigma-bydgoszcz.pl\/#\/schema\/logo\/image\/\",\"url\":\"http:\/\/enigma-bydgoszcz.pl\/wp-content\/uploads\/2022\/12\/cropped-logoenigma-bez-la.png\",\"contentUrl\":\"http:\/\/enigma-bydgoszcz.pl\/wp-content\/uploads\/2022\/12\/cropped-logoenigma-bez-la.png\",\"width\":598,\"height\":193,\"caption\":\"Enigma Bydgoszcz\"},\"image\":{\"@id\":\"http:\/\/enigma-bydgoszcz.pl\/#\/schema\/logo\/image\/\"}}]}<\/script>\n<!-- \/ Yoast SEO plugin. -->","yoast_head_json":{"title":"Enigma Bydgoszcz","description":"Przezwajanie, przewijanie, przegl\u0105dy silnik\u00f3w elektrycznych pr\u0105du sta\u0142ego i przemiennego. Naprawa pr\u0105dnic od agregat\u00f3w pr\u0105dotw\u00f3rczych.","robots":{"index":"index","follow":"follow","max-snippet":"max-snippet:-1","max-image-preview":"max-image-preview:large","max-video-preview":"max-video-preview:-1"},"canonical":"http:\/\/enigma-bydgoszcz.pl\/","og_locale":"pl_PL","og_type":"article","og_title":"Enigma Bydgoszcz","og_description":"Przezwajanie, przewijanie, przegl\u0105dy silnik\u00f3w elektrycznych pr\u0105du sta\u0142ego i przemiennego. Naprawa pr\u0105dnic od agregat\u00f3w pr\u0105dotw\u00f3rczych.","og_url":"http:\/\/enigma-bydgoszcz.pl\/","og_site_name":"Enigma Bydgoszcz","article_modified_time":"2022-12-28T18:22:01+00:00","og_image":[{"width":674,"height":177,"url":"http:\/\/enigma-bydgoszcz.pl\/wp-content\/uploads\/2022\/12\/cropped-Enigma-3.jpg","type":"image\/jpeg"}],"twitter_card":"summary_large_image","twitter_image":"http:\/\/enigma-bydgoszcz.pl\/wp-content\/uploads\/2022\/12\/cropped-Enigma-3.jpg","twitter_misc":{"Szacowany czas czytania":"1 minuta"},"schema":{"@context":"https:\/\/schema.org","@graph":[{"@type":"WebPage","@id":"http:\/\/enigma-bydgoszcz.pl\/","url":"http:\/\/enigma-bydgoszcz.pl\/","name":"Enigma Bydgoszcz","isPartOf":{"@id":"http:\/\/enigma-bydgoszcz.pl\/#website"},"datePublished":"2022-12-27T18:37:10+00:00","dateModified":"2022-12-28T18:22:01+00:00","description":"Przezwajanie, przewijanie, przegl\u0105dy silnik\u00f3w elektrycznych pr\u0105du sta\u0142ego i przemiennego. Naprawa pr\u0105dnic od agregat\u00f3w pr\u0105dotw\u00f3rczych.","breadcrumb":{"@id":"http:\/\/enigma-bydgoszcz.pl\/#breadcrumb"},"inLanguage":"pl-PL","potentialAction":[{"@type":"ReadAction","target":["http:\/\/enigma-bydgoszcz.pl\/"]}]},{"@type":"BreadcrumbList","@id":"http:\/\/enigma-bydgoszcz.pl\/#breadcrumb","itemListElement":[{"@type":"ListItem","position":1,"name":"Strona g\u0142\u00f3wna","item":"http:\/\/enigma-bydgoszcz.pl\/"},{"@type":"ListItem","position":2,"name":"Home"}]},{"@type":"WebSite","@id":"http:\/\/enigma-bydgoszcz.pl\/#website","url":"http:\/\/enigma-bydgoszcz.pl\/","name":"Enigma Bydgoszcz","description":"Serwis silnik&oacute;w elektrycznych","publisher":{"@id":"http:\/\/enigma-bydgoszcz.pl\/#organization"},"potentialAction":[{"@type":"SearchAction","target":{"@type":"EntryPoint","urlTemplate":"http:\/\/enigma-bydgoszcz.pl\/?s={search_term_string}"},"query-input":"required name=search_term_string"}],"inLanguage":"pl-PL"},{"@type":"Organization","@id":"http:\/\/enigma-bydgoszcz.pl\/#organization","name":"Enigma Bydgoszcz","url":"http:\/\/enigma-bydgoszcz.pl\/","logo":{"@type":"ImageObject","inLanguage":"pl-PL","@id":"http:\/\/enigma-bydgoszcz.pl\/#\/schema\/logo\/image\/","url":"http:\/\/enigma-bydgoszcz.pl\/wp-content\/uploads\/2022\/12\/cropped-logoenigma-bez-la.png","contentUrl":"http:\/\/enigma-bydgoszcz.pl\/wp-content\/uploads\/2022\/12\/cropped-logoenigma-bez-la.png","width":598,"height":193,"caption":"Enigma Bydgoszcz"},"image":{"@id":"http:\/\/enigma-bydgoszcz.pl\/#\/schema\/logo\/image\/"}}]}},"_links":{"self":[{"href":"http:\/\/enigma-bydgoszcz.pl\/index.php\/wp-json\/wp\/v2\/pages\/20"}],"collection":[{"href":"http:\/\/enigma-bydgoszcz.pl\/index.php\/wp-json\/wp\/v2\/pages"}],"about":[{"href":"http:\/\/enigma-bydgoszcz.pl\/index.php\/wp-json\/wp\/v2\/types\/page"}],"author":[{"embeddable":true,"href":"http:\/\/enigma-bydgoszcz.pl\/index.php\/wp-json\/wp\/v2\/users\/1"}],"replies":[{"embeddable":true,"href":"http:\/\/enigma-bydgoszcz.pl\/index.php\/wp-json\/wp\/v2\/comments?post=20"}],"version-history":[{"count":113,"href":"http:\/\/enigma-bydgoszcz.pl\/index.php\/wp-json\/wp\/v2\/pages\/20\/revisions"}],"predecessor-version":[{"id":364,"href":"http:\/\/enigma-bydgoszcz.pl\/index.php\/wp-json\/wp\/v2\/pages\/20\/revisions\/364"}],"wp:attachment":[{"href":"http:\/\/enigma-bydgoszcz.pl\/index.php\/wp-json\/wp\/v2\/media?parent=20"}],"curies":[{"name":"wp","href":"https:\/\/api.w.org\/{rel}","templated":true}]}}